{"id":768,"date":"2018-07-26T14:05:47","date_gmt":"2018-07-26T17:05:47","guid":{"rendered":"https:\/\/isfddoraacosta-caba.infd.edu.ar\/sitio\/?page_id=768"},"modified":"2020-04-28T18:45:49","modified_gmt":"2020-04-28T21:45:49","slug":"docentes","status":"publish","type":"page","link":"https:\/\/isfddoraacosta-caba.infd.edu.ar\/sitio\/docentes\/","title":{"rendered":"Equipo Docente"},"content":{"rendered":"<header><img decoding=\"async\" loading=\"lazy\" class=\"alignnone wp-image-811\" src=\"https:\/\/isfddoraacosta-caba.infd.edu.ar\/sitio\/wp-content\/uploads\/2020\/04\/Egresadas-Dorita-Acosta-2019_58.jpg-copia-1000x522.jpg\" alt=\"\" width=\"390\" height=\"204\" srcset=\"https:\/\/isfddoraacosta-caba.infd.edu.ar\/sitio\/wp-content\/uploads\/2020\/04\/Egresadas-Dorita-Acosta-2019_58.jpg-copia-1000x522.jpg 1000w, https:\/\/isfddoraacosta-caba.infd.edu.ar\/sitio\/wp-content\/uploads\/2020\/04\/Egresadas-Dorita-Acosta-2019_58.jpg-copia-768x401.jpg 768w, https:\/\/isfddoraacosta-caba.infd.edu.ar\/sitio\/wp-content\/uploads\/2020\/04\/Egresadas-Dorita-Acosta-2019_58.jpg-copia-1900x991.jpg 1900w, https:\/\/isfddoraacosta-caba.infd.edu.ar\/sitio\/wp-content\/uploads\/2020\/04\/Egresadas-Dorita-Acosta-2019_58.jpg-copia.jpg 2000w\" sizes=\"(max-width: 390px) 100vw, 390px\" \/><\/header>\n<header>\n<hr \/>\n<\/header>\n<header class=\"entry-header\">Como decisi\u00f3n pol\u00edtico-pedag\u00f3gica, trabajamos en todas las materias con una pareja pedag\u00f3gica docente. Entendemos que el trabajo y el pensamiento colectivo es fundamental y se construye con nuestras pr\u00e1cticas d\u00eda a d\u00eda. Por ello, en nuestras clases articulamos miradas que complejicen el aprendizaje y nuestros recorridos dentro y fuera del aula.\u00a0<\/header>\n<header>Como colectivo docente, cada mes tenemos reuniones donde poder intercambiar y pensar territorialmente el profesorado y nuestras materias.<\/header>\n<header><\/header>\n<header><\/header>\n<header><\/header>\n<header class=\"entry-header\"><\/header>\n<header>\n<hr \/>\n<\/header>\n<header><\/header>\n<header><\/header>\n<header><\/header>\n<header class=\"entry-header\"><strong>Trayectos de Fortalecimiento Pedag\u00f3gico 2020 &#8211; INFOD<\/strong><\/header>\n<div class=\"entry-content\">\n<p style=\"padding-left: 30px;\">Semi-presencial<\/p>\n<p style=\"padding-left: 30px;\">M\u00e1s informaci\u00f3n y pre-inscripciones en:<\/p>\n<p style=\"padding-left: 30px;\"><span data-mce-mark=\"1\"><strong><a href=\"http:\/\/red.infd.edu.ar\/articulos\/trayectos-de-fortalecimiento-pedagogico\/\">http:\/\/red.infd.edu.ar\/articulos\/trayectos-de-fortalecimiento-pedagogico\/<\/a><\/strong><\/span><\/p>\n<p style=\"padding-left: 30px;\">Por cualquier consulta, escribir a trayectospedagogicos@infd.edu.ar o comunicate al 0800-222-0710<\/p>\n<\/div>\n","protected":false},"excerpt":{"rendered":"<p>Como decisi\u00f3n pol\u00edtico-pedag\u00f3gica, trabajamos en todas las materias con una pareja pedag\u00f3gica docente. Entendemos que el trabajo y el pensamiento colectivo es fundamental y se construye con nuestras pr\u00e1cticas d\u00eda a d\u00eda. Por ello, en nuestras clases articulamos miradas que complejicen el aprendizaje y nuestros recorridos dentro y fuera del aula.\u00a0 Como colectivo docente, cada &#8230; <a title=\"Equipo Docente\" class=\"read-more\" href=\"https:\/\/isfddoraacosta-caba.infd.edu.ar\/sitio\/docentes\/\" aria-label=\"More on Equipo Docente\">[+]<\/a><\/p>\n","protected":false},"author":6,"featured_media":0,"parent":0,"menu_order":0,"comment_status":"closed","ping_status":"closed","template":"","meta":[],"acf":[],"_links":{"self":[{"href":"https:\/\/isfddoraacosta-caba.infd.edu.ar\/sitio\/wp-json\/wp\/v2\/pages\/768"}],"collection":[{"href":"https:\/\/isfddoraacosta-caba.infd.edu.ar\/sitio\/wp-json\/wp\/v2\/pages"}],"about":[{"href":"https:\/\/isfddoraacosta-caba.infd.edu.ar\/sitio\/wp-json\/wp\/v2\/types\/page"}],"author":[{"embeddable":true,"href":"https:\/\/isfddoraacosta-caba.infd.edu.ar\/sitio\/wp-json\/wp\/v2\/users\/6"}],"replies":[{"embeddable":true,"href":"https:\/\/isfddoraacosta-caba.infd.edu.ar\/sitio\/wp-json\/wp\/v2\/comments?post=768"}],"version-history":[{"count":14,"href":"https:\/\/isfddoraacosta-caba.infd.edu.ar\/sitio\/wp-json\/wp\/v2\/pages\/768\/revisions"}],"predecessor-version":[{"id":835,"href":"https:\/\/isfddoraacosta-caba.infd.edu.ar\/sitio\/wp-json\/wp\/v2\/pages\/768\/revisions\/835"}],"wp:attachment":[{"href":"https:\/\/isfddoraacosta-caba.infd.edu.ar\/sitio\/wp-json\/wp\/v2\/media?parent=768"}],"curies":[{"name":"wp","href":"https:\/\/api.w.org\/{rel}","templated":true}]}}