{"id":734,"date":"2018-07-26T10:49:22","date_gmt":"2018-07-26T13:49:22","guid":{"rendered":"https:\/\/isfddoraacosta-caba.infd.edu.ar\/sitio\/?page_id=734"},"modified":"2020-04-28T19:42:46","modified_gmt":"2020-04-28T22:42:46","slug":"plan-de-estudio","status":"publish","type":"page","link":"https:\/\/isfddoraacosta-caba.infd.edu.ar\/sitio\/carrera\/plan-de-estudio\/","title":{"rendered":"Plan de estudio"},"content":{"rendered":"<h3>Profesorado de Educaci\u00f3n Primaria<\/h3>\n<h4>Acerca de la carrera<\/h4>\n<p>El Instituto Superior de Formaci\u00f3n Docente se propone desarrollar un plan de estudios que aborde contextualmente y pueda reflexionar sobre la escuela, impulsando el derecho a la educaci\u00f3n p\u00fablica y popular de todxs.\u00a0 Formamos maestras y maestros para que reconozcan en sus pr\u00e1cticas el acervo de la interculturalidad de nuestra Patria Grande, aportando con toda su profesionalidad a una educaci\u00f3n de calidad, feminista, inclusiva y popular.<\/p>\n<h4>Plan de estudio\u00a0<span style=\"font-weight: 400;\">(Ingresantes de a\u00f1os 2018-2021)<\/span><\/h4>\n<h5><span style=\"font-weight: 400;\"><strong>PRIMER A\u00d1O \u2013 Primer cuatrimestre<\/strong><br \/>\nDid\u00e1ctica l<br \/>\nEnse\u00f1anza de las Ciencias Sociales I<br \/>\nEnse\u00f1anzas de las Matem\u00e1ticas l<br \/>\nExpresi\u00f3n, oralidad y lecto-escritura (EDI)<br \/>\nPsicolog\u00eda educacional<br \/>\nTaller l<\/span><\/h5>\n<h5><span style=\"font-weight: 400;\"><strong>PRIMER A\u00d1O \u2013 Segundo cuatrimestre<\/strong><br \/>\nEducaci\u00f3n popular I (EDI)<br \/>\nEducaci\u00f3n Sexual integral<br \/>\nEnse\u00f1anza de las Ciencias Naturales I<br \/>\nEnse\u00f1anza de las Practicas del Lenguaje I<br \/>\nPedagog\u00eda<br \/>\nProblem\u00e1ticas de la educaci\u00f3n primaria<\/span><\/h5>\n<h5><strong>SEGUNDO A\u00d1O \u2013 Primer cuatrimestre<\/strong><br \/>\nDid\u00e1ctica II<br \/>\nEnse\u00f1anza de las Matem\u00e1ticas II<br \/>\nEnse\u00f1anza de las Ciencias Sociales II<br \/>\nEDI: Expresi\u00f3n, oralidad y lecto-escritura II<br \/>\nNuevas Tecnolog\u00edas<br \/>\nTaller II<\/h5>\n<h5><span style=\"font-weight: 400;\"><strong>SEGUNDO A\u00d1O \u2013 Segundo cuatrimestre<\/strong><br \/>\nInstituciones educativas<br \/>\nExpresi\u00f3n art\u00edstica (EDI)<br \/>\nEnse\u00f1anza de las pr\u00e1cticas del lenguaje II<br \/>\nEnse\u00f1anza de las Ciencias Naturales II<br \/>\nSujetos de la educaci\u00f3n primaria<\/span><\/h5>\n<h5><strong>TERCER A\u00d1O \u2013 Primer cuatrimestre<\/strong><br \/>\nHistoria social y pol\u00edtica de la educaci\u00f3n argentina<br \/>\nTrabajo docente<br \/>\nNuevos escenarios: cultura, tecnolog\u00eda y subjetividad<br \/>\nTaller III<br \/>\nEnse\u00f1anza de las Ciencias Sociales III<br \/>\nEnse\u00f1anza de las Matem\u00e1ticas III<\/h5>\n<h5><span style=\"font-weight: 400;\"><strong>TERCER A\u00d1O \u2013 Segundo cuatrimestre<\/strong><br \/>\nTaller IV<br \/>\nEnse\u00f1anza de las ciencias naturales III<br \/>\nTecnolog\u00edas de la informaci\u00f3n y la comunicaci\u00f3n en la educaci\u00f3n primaria<br \/>\nDid\u00e1ctica de las matem\u00e1ticas<br \/>\nAlfabetizaci\u00f3n inicial<\/span><\/h5>\n<h5><strong>CUARTO A\u00d1O \u2013 Primer cuatrimestre<\/strong><br \/>\nTaller V<br \/>\nFilosof\u00eda y educaci\u00f3n<br \/>\nProducci\u00f3n de material did\u00e1ctico (EDI)<br \/>\nTrabajo de campo<br \/>\nLiteratura en la educaci\u00f3n primaria<\/h5>\n<h5><span style=\"font-weight: 400;\"><strong>CUARTO A\u00d1O \u2013 Segundo cuatrimestre<\/strong><br \/>\nTaller Vl<br \/>\nEl contexto educativo y la tarea docente<br \/>\nDerechos Humanos y construcci\u00f3n de la ciudadan\u00eda (EDI)<br \/>\n<\/span><b><\/b><\/h5>\n<h5><\/h5>\n","protected":false},"excerpt":{"rendered":"<p>Profesorado de Educaci\u00f3n Primaria Acerca de la carrera El Instituto Superior de Formaci\u00f3n Docente se propone desarrollar un plan de estudios que aborde contextualmente y pueda reflexionar sobre la escuela, impulsando el derecho a la educaci\u00f3n p\u00fablica y popular de todxs.\u00a0 Formamos maestras y maestros para que reconozcan en sus pr\u00e1cticas el acervo de la &#8230; <a title=\"Plan de estudio\" class=\"read-more\" href=\"https:\/\/isfddoraacosta-caba.infd.edu.ar\/sitio\/carrera\/plan-de-estudio\/\" aria-label=\"More on Plan de estudio\">[+]<\/a><\/p>\n","protected":false},"author":6,"featured_media":0,"parent":644,"menu_order":0,"comment_status":"closed","ping_status":"closed","template":"","meta":[],"acf":[],"_links":{"self":[{"href":"https:\/\/isfddoraacosta-caba.infd.edu.ar\/sitio\/wp-json\/wp\/v2\/pages\/734"}],"collection":[{"href":"https:\/\/isfddoraacosta-caba.infd.edu.ar\/sitio\/wp-json\/wp\/v2\/pages"}],"about":[{"href":"https:\/\/isfddoraacosta-caba.infd.edu.ar\/sitio\/wp-json\/wp\/v2\/types\/page"}],"author":[{"embeddable":true,"href":"https:\/\/isfddoraacosta-caba.infd.edu.ar\/sitio\/wp-json\/wp\/v2\/users\/6"}],"replies":[{"embeddable":true,"href":"https:\/\/isfddoraacosta-caba.infd.edu.ar\/sitio\/wp-json\/wp\/v2\/comments?post=734"}],"version-history":[{"count":11,"href":"https:\/\/isfddoraacosta-caba.infd.edu.ar\/sitio\/wp-json\/wp\/v2\/pages\/734\/revisions"}],"predecessor-version":[{"id":841,"href":"https:\/\/isfddoraacosta-caba.infd.edu.ar\/sitio\/wp-json\/wp\/v2\/pages\/734\/revisions\/841"}],"up":[{"embeddable":true,"href":"https:\/\/isfddoraacosta-caba.infd.edu.ar\/sitio\/wp-json\/wp\/v2\/pages\/644"}],"wp:attachment":[{"href":"https:\/\/isfddoraacosta-caba.infd.edu.ar\/sitio\/wp-json\/wp\/v2\/media?parent=734"}],"curies":[{"name":"wp","href":"https:\/\/api.w.org\/{rel}","templated":true}]}}