{"id":727,"date":"2018-07-26T10:37:33","date_gmt":"2018-07-26T13:37:33","guid":{"rendered":"https:\/\/isfddoraacosta-caba.infd.edu.ar\/sitio\/?page_id=727"},"modified":"2020-04-25T18:04:02","modified_gmt":"2020-04-25T21:04:02","slug":"fechas-importantes","status":"publish","type":"page","link":"https:\/\/isfddoraacosta-caba.infd.edu.ar\/sitio\/estudiantes\/fechas-importantes\/","title":{"rendered":"Correlatividades"},"content":{"rendered":"<p><b>Las correlatividades de materias son importantes para planificar c\u00f3mo cursar y rendir materias.<\/b><\/p>\n<table>\n<tbody>\n<tr>\n<td><b>Para aprobar<\/b><\/td>\n<td><b>Deber\u00e1 tener cursada o aprobada<\/b><\/td>\n<\/tr>\n<tr>\n<td><span style=\"font-weight: 400;\">Did\u00e1ctica I<\/span><\/td>\n<td><span style=\"font-weight: 400;\">Sin correlatividades<\/span><\/td>\n<\/tr>\n<tr>\n<td><span style=\"font-weight: 400;\">Ense\u00f1anza de las Ciencias Sociales I<\/span><\/td>\n<td><span style=\"font-weight: 400;\">Sin correlatividades<\/span><\/td>\n<\/tr>\n<tr>\n<td><span style=\"font-weight: 400;\">Ense\u00f1anza de las Matem\u00e1ticas I<\/span><\/td>\n<td><span style=\"font-weight: 400;\">Sin correlatividades<\/span><\/td>\n<\/tr>\n<tr>\n<td><span style=\"font-weight: 400;\">Expresi\u00f3n, oralidad y lecto escritura<\/span><\/td>\n<td><span style=\"font-weight: 400;\">Sin correlatividades<\/span><\/td>\n<\/tr>\n<tr>\n<td><span style=\"font-weight: 400;\">Psicolog\u00eda Educacional<\/span><\/td>\n<td><span style=\"font-weight: 400;\">Sin correlatividades<\/span><\/td>\n<\/tr>\n<tr>\n<td><span style=\"font-weight: 400;\">Taller I<\/span><\/td>\n<td><span style=\"font-weight: 400;\">Sin correlatividades<\/span><\/td>\n<\/tr>\n<tr>\n<td><span style=\"font-weight: 400;\">Educaci\u00f3n popular I (EDI)<\/span><\/td>\n<td><span style=\"font-weight: 400;\">Sin correlatividades<\/span><\/td>\n<\/tr>\n<tr>\n<td><span style=\"font-weight: 400;\">Educaci\u00f3n Sexual integral<\/span><\/td>\n<td><span style=\"font-weight: 400;\">Sin correlatividades<\/span><\/td>\n<\/tr>\n<tr>\n<td><span style=\"font-weight: 400;\">Ense\u00f1anza de las Ciencias Naturales I<\/span><\/td>\n<td><span style=\"font-weight: 400;\">Sin correlatividades<\/span><\/td>\n<\/tr>\n<tr>\n<td><span style=\"font-weight: 400;\">Ense\u00f1anza de las Pr\u00e1cticas del Lenguaje I<\/span><\/td>\n<td><span style=\"font-weight: 400;\">Sin correlatividades<\/span><\/td>\n<\/tr>\n<tr>\n<td><span style=\"font-weight: 400;\">Pedagog\u00eda<\/span><\/td>\n<td><span style=\"font-weight: 400;\">Sin correlatividades<\/span><\/td>\n<\/tr>\n<tr>\n<td><span style=\"font-weight: 400;\">Problem\u00e1ticas de la educaci\u00f3n primaria<\/span><\/td>\n<td><span style=\"font-weight: 400;\">Sin correlatividades<\/span><\/td>\n<\/tr>\n<tr>\n<td><span style=\"font-weight: 400;\">Did\u00e1ctica II<\/span><\/td>\n<td><span style=\"font-weight: 400;\">Cursada Did\u00e1ctica I<\/span><\/td>\n<\/tr>\n<tr>\n<td><span style=\"font-weight: 400;\">Ense\u00f1anza de las Matem\u00e1ticas II<\/span><\/td>\n<td><span style=\"font-weight: 400;\">Cursada Ense\u00f1anza de las Matem\u00e1ticas I<\/span><\/td>\n<\/tr>\n<tr>\n<td><span style=\"font-weight: 400;\">Ense\u00f1anza de las Ciencias Sociales II<\/span><\/td>\n<td><span style=\"font-weight: 400;\">Cursada Ense\u00f1anza de las Ciencias Sociales I<\/span><\/td>\n<\/tr>\n<tr>\n<td><span style=\"font-weight: 400;\">EDI: Expresi\u00f3n, oralidad y lecto-escritura ll<\/span><\/td>\n<td><span style=\"font-weight: 400;\">Cursada Expresi\u00f3n, oralidad y lecto-escritura l<\/span><\/td>\n<\/tr>\n<tr>\n<td><span style=\"font-weight: 400;\">Nuevas Tecnolog\u00edas<\/span><\/td>\n<td><span style=\"font-weight: 400;\">Sin correlatividades<\/span><\/td>\n<\/tr>\n<tr>\n<td><span style=\"font-weight: 400;\">Taller II<\/span><\/td>\n<td><span style=\"font-weight: 400;\">Cursadas Taller I y Did\u00e1ctica l<\/span><\/td>\n<\/tr>\n<tr>\n<td><span style=\"font-weight: 400;\">Instituciones educativas<\/span><\/td>\n<td><span style=\"font-weight: 400;\">Sin correlatividades<\/span><\/td>\n<\/tr>\n<tr>\n<td><span style=\"font-weight: 400;\">Expresi\u00f3n art\u00edstica<\/span><\/td>\n<td><span style=\"font-weight: 400;\">Sin correlatividades<\/span><\/td>\n<\/tr>\n<tr>\n<td><span style=\"font-weight: 400;\">Ense\u00f1anza de las pr\u00e1cticas del lenguaje II<\/span><\/td>\n<td><span style=\"font-weight: 400;\">Cursada Ense\u00f1anza de las pr\u00e1cticas del Lenguaje l<\/span><\/td>\n<\/tr>\n<tr>\n<td><span style=\"font-weight: 400;\">Ense\u00f1anza de las Ciencias Naturales II<\/span><\/td>\n<td><span style=\"font-weight: 400;\">Cursada Ense\u00f1anza de las Ciencias Naturales l<\/span><\/td>\n<\/tr>\n<tr>\n<td><span style=\"font-weight: 400;\">Sujetos de educaci\u00f3n primaria<\/span><\/td>\n<td><span style=\"font-weight: 400;\">Cursada Psicolog\u00eda Educacional<\/span><\/td>\n<\/tr>\n<tr>\n<td><span style=\"font-weight: 400;\">Historia social y pol\u00edtica de la educaci\u00f3n argentina<\/span><\/td>\n<td><span style=\"font-weight: 400;\">Cursada\u00a0 Ense\u00f1anza de las Ciencias Sociales I y II<\/span><\/td>\n<\/tr>\n<tr>\n<td><span style=\"font-weight: 400;\">Trabajo docente<\/span><\/td>\n<td><span style=\"font-weight: 400;\">Sin correlatividades<\/span><\/td>\n<\/tr>\n<tr>\n<td><span style=\"font-weight: 400;\">Nuevos escenarios<\/span><\/td>\n<td><span style=\"font-weight: 400;\">Sin correlatividades<\/span><\/td>\n<\/tr>\n<tr>\n<td><span style=\"font-weight: 400;\">Taller III<\/span><\/td>\n<td><span style=\"font-weight: 400;\">-Cursada: Did\u00e1ctica II\u00a0\u00a0<\/span><\/p>\n<p><span style=\"font-weight: 400;\">-Aprobadas: Taller I, Taller ll y Did\u00e1ctica l<\/span><\/p>\n<p><span style=\"font-weight: 400;\">-Aprobada tambi\u00e9n al menos 2 de las siguientes:\u00a0<\/span><\/p>\n<ul>\n<li style=\"font-weight: 400;\"><span style=\"font-weight: 400;\">Ense\u00f1anza de las Matem\u00e1ticas l<\/span><\/li>\n<li style=\"font-weight: 400;\"><span style=\"font-weight: 400;\">Ense\u00f1anza de las pr\u00e1cticas del lenguaje l<\/span><\/li>\n<li style=\"font-weight: 400;\"><span style=\"font-weight: 400;\">Ense\u00f1anza de las ciencias sociales l<\/span><\/li>\n<li style=\"font-weight: 400;\"><span style=\"font-weight: 400;\">Ense\u00f1anza de las ciencias naturales l<\/span><\/li>\n<li style=\"font-weight: 400;\"><span style=\"font-weight: 400;\">Sujetos de la educaci\u00f3n primaria<\/span><\/li>\n<\/ul>\n<\/td>\n<\/tr>\n<tr>\n<td><span style=\"font-weight: 400;\">Ense\u00f1anza de las Ciencias Sociales III<\/span><\/td>\n<td><span style=\"font-weight: 400;\">-Cursada: Ense\u00f1anza de las ciencias sociales ll<\/span><\/p>\n<p><span style=\"font-weight: 400;\">-Aprobada: Ense\u00f1anza de las ciencias sociales l<\/span><\/p>\n<p><span style=\"font-weight: 400;\">y Did\u00e1ctica II<\/span><\/td>\n<\/tr>\n<tr>\n<td><span style=\"font-weight: 400;\">Ense\u00f1anza de las Matem\u00e1ticas III<\/span><\/td>\n<td><span style=\"font-weight: 400;\">-Cursada Ense\u00f1anza de las Matem\u00e1ticas l<\/span><\/p>\n<p><span style=\"font-weight: 400;\">-Aprobadas: Ense\u00f1anza de las Matem\u00e1ticas II y\u00a0 Did\u00e1ctica II<\/span><\/td>\n<\/tr>\n<tr>\n<td><span style=\"font-weight: 400;\">Taller IV<\/span><\/td>\n<td><span style=\"font-weight: 400;\">-Cursada: Taller III<\/span><\/p>\n<p><span style=\"font-weight: 400;\">-Aprobadas:<\/span><\/p>\n<ul>\n<li style=\"font-weight: 400;\"><span style=\"font-weight: 400;\">Did\u00e1ctica ll<\/span><\/li>\n<li style=\"font-weight: 400;\"><span style=\"font-weight: 400;\">Sujetos de la educaci\u00f3n primaria<\/span><\/li>\n<li style=\"font-weight: 400;\"><span style=\"font-weight: 400;\">Ense\u00f1anza de las Matem\u00e1ticas l<\/span><\/li>\n<li style=\"font-weight: 400;\"><span style=\"font-weight: 400;\">Ense\u00f1anza de las pr\u00e1cticas del lenguaje l<\/span><\/li>\n<li style=\"font-weight: 400;\"><span style=\"font-weight: 400;\">Ense\u00f1anza de las ciencias sociales l<\/span><\/li>\n<li style=\"font-weight: 400;\"><span style=\"font-weight: 400;\">Ense\u00f1anza de las ciencias naturales l<\/span><\/li>\n<li style=\"font-weight: 400;\"><span style=\"font-weight: 400;\">Ense\u00f1anza de las Matem\u00e1ticas ll<\/span><\/li>\n<li style=\"font-weight: 400;\"><span style=\"font-weight: 400;\">Ense\u00f1anza de las ciencias sociales ll<\/span><\/li>\n<\/ul>\n<\/td>\n<\/tr>\n<tr>\n<td><span style=\"font-weight: 400;\">Ense\u00f1anza de las Ciencias Naturales III<\/span><\/td>\n<td><span style=\"font-weight: 400;\">-Cursada: Ense\u00f1anza de las ciencias naturales ll<\/span><\/p>\n<p><span style=\"font-weight: 400;\">-Aprobadas: Ense\u00f1anza de las ciencias naturales ll y\u00a0 Did\u00e1ctica II<\/span><\/td>\n<\/tr>\n<tr>\n<td><span style=\"font-weight: 400;\">Tecnolog\u00edas de la informaci\u00f3n y la comunicaci\u00f3n en la educaci\u00f3n primaria<\/span><\/td>\n<td><span style=\"font-weight: 400;\">Cursada Nuevas Tecnolog\u00edas<\/span><\/td>\n<\/tr>\n<tr>\n<td><span style=\"font-weight: 400;\">Did\u00e1ctica de las Matem\u00e1ticas<\/span><\/td>\n<td><span style=\"font-weight: 400;\">-Cursada Ense\u00f1anza de las Matem\u00e1ticas III<\/span><\/p>\n<p><span style=\"font-weight: 400;\">-Aprobadas:<\/span><\/p>\n<ul>\n<li style=\"font-weight: 400;\"><span style=\"font-weight: 400;\">Ense\u00f1anza de las Matem\u00e1ticas l<\/span><\/li>\n<li style=\"font-weight: 400;\"><span style=\"font-weight: 400;\">Ense\u00f1anza de las Matem\u00e1ticas ll<\/span><\/li>\n<li style=\"font-weight: 400;\"><span style=\"font-weight: 400;\">Did\u00e1ctica ll<\/span><\/li>\n<\/ul>\n<\/td>\n<\/tr>\n<tr>\n<td><span style=\"font-weight: 400;\">Alfabetizaci\u00f3n inicial<\/span><\/td>\n<td><span style=\"font-weight: 400;\">-Cursada\u00a0 Ense\u00f1anza de las Pr\u00e1cticas del Lenguaje II\u00a0<\/span><\/p>\n<p><span style=\"font-weight: 400;\">-Aprobada Ense\u00f1anza de las Pr\u00e1cticas del Lenguaje I<\/span><\/td>\n<\/tr>\n<tr>\n<td><span style=\"font-weight: 400;\">Taller V<\/span><\/td>\n<td><span style=\"font-weight: 400;\">-Cursadas:<\/span><\/p>\n<ul>\n<li style=\"font-weight: 400;\"><span style=\"font-weight: 400;\">Ense\u00f1anza de las Matem\u00e1ticas lll<\/span><\/li>\n<li style=\"font-weight: 400;\"><span style=\"font-weight: 400;\">Ense\u00f1anza de las ciencias sociales lll<\/span><\/li>\n<li style=\"font-weight: 400;\"><span style=\"font-weight: 400;\">Ense\u00f1anza de las ciencias naturales lll (o al menos la ll)<\/span><\/li>\n<li style=\"font-weight: 400;\"><span style=\"font-weight: 400;\">Alfabetizaci\u00f3n Inicial<\/span><\/li>\n<\/ul>\n<p><span style=\"font-weight: 400;\">&#8211; Aprobadas:<\/span><\/p>\n<ul>\n<li style=\"font-weight: 400;\"><span style=\"font-weight: 400;\">Taller lV<\/span><\/li>\n<li style=\"font-weight: 400;\"><span style=\"font-weight: 400;\">Ense\u00f1anza de las Matem\u00e1ticas ll<\/span><\/li>\n<li style=\"font-weight: 400;\"><span style=\"font-weight: 400;\">Ense\u00f1anza de las pr\u00e1cticas del lenguaje ll<\/span><\/li>\n<li style=\"font-weight: 400;\"><span style=\"font-weight: 400;\">Ense\u00f1anza de las ciencias sociales ll<\/span><\/li>\n<li style=\"font-weight: 400;\"><span style=\"font-weight: 400;\">Ense\u00f1anza de las ciencias naturales ll<\/span><\/li>\n<\/ul>\n<\/td>\n<\/tr>\n<tr>\n<td><span style=\"font-weight: 400;\">Filosof\u00eda y educaci\u00f3n<\/span><\/td>\n<td><span style=\"font-weight: 400;\">Sin correlatividades<\/span><\/td>\n<\/tr>\n<tr>\n<td><span style=\"font-weight: 400;\">Producci\u00f3n de material did\u00e1ctico<\/span><\/td>\n<td><span style=\"font-weight: 400;\">-Cursadas:<\/span><\/p>\n<ul>\n<li style=\"font-weight: 400;\"><span style=\"font-weight: 400;\">Ense\u00f1anza de las pr\u00e1cticas del lenguaje ll<\/span><\/li>\n<li style=\"font-weight: 400;\"><span style=\"font-weight: 400;\">Ense\u00f1anza de la Matem\u00e1tica III<\/span><\/li>\n<li style=\"font-weight: 400;\"><span style=\"font-weight: 400;\">Ense\u00f1anza de las Ciencias Sociales III<\/span><\/li>\n<li style=\"font-weight: 400;\"><span style=\"font-weight: 400;\">Ense\u00f1anza de las Ciencias Naturales\u00a0 III<\/span><\/li>\n<li style=\"font-weight: 400;\"><span style=\"font-weight: 400;\">Taller lV<\/span><\/li>\n<\/ul>\n<p><span style=\"font-weight: 400;\">-Aprobadas:<\/span><\/p>\n<ul>\n<li style=\"font-weight: 400;\"><span style=\"font-weight: 400;\">Ense\u00f1anza de la Matem\u00e1tica ll<\/span><\/li>\n<li style=\"font-weight: 400;\"><span style=\"font-weight: 400;\">Ense\u00f1anza de las pr\u00e1cticas del lenguaje ll<\/span><\/li>\n<li style=\"font-weight: 400;\"><span style=\"font-weight: 400;\">Ense\u00f1anza de las Ciencias Sociales II<\/span><\/li>\n<li style=\"font-weight: 400;\"><span style=\"font-weight: 400;\">Ense\u00f1anzas de las Ciencias Naturales II<\/span><\/li>\n<\/ul>\n<\/td>\n<\/tr>\n<tr>\n<td><span style=\"font-weight: 400;\">Trabajo de campo<\/span><\/td>\n<td><span style=\"font-weight: 400;\">Cursada Trabajo docente<\/span><\/td>\n<\/tr>\n<tr>\n<td><span style=\"font-weight: 400;\">Literatura en educaci\u00f3n primaria<\/span><\/td>\n<td><span style=\"font-weight: 400;\">-Cursada Ense\u00f1anza de las Pr\u00e1cticas del Lenguaje II<\/span><\/p>\n<p><span style=\"font-weight: 400;\">-Aprobada\u00a0 Ense\u00f1anza de las Pr\u00e1cticas del Lenguaje l<\/span><\/td>\n<\/tr>\n<tr>\n<td><span style=\"font-weight: 400;\">Taller Vl<\/span><\/td>\n<td><span style=\"font-weight: 400;\">-Cursadas:<\/span><\/p>\n<ul>\n<li style=\"font-weight: 400;\"><span style=\"font-weight: 400;\">Ense\u00f1anza de la Matem\u00e1tica lll<\/span><\/li>\n<li style=\"font-weight: 400;\"><span style=\"font-weight: 400;\">Ense\u00f1anza de las Ciencias Sociales lll<\/span><\/li>\n<li style=\"font-weight: 400;\"><span style=\"font-weight: 400;\">Ense\u00f1anzas de las Ciencias Naturales lll<\/span><\/li>\n<li style=\"font-weight: 400;\"><span style=\"font-weight: 400;\">Alfabetizaci\u00f3n inicial<\/span><\/li>\n<\/ul>\n<p><span style=\"font-weight: 400;\">-Cursando o cursada:<\/span><\/p>\n<ul>\n<li style=\"font-weight: 400;\"><span style=\"font-weight: 400;\">Did\u00e1ctica de las matem\u00e1ticas<\/span><\/li>\n<li style=\"font-weight: 400;\"><span style=\"font-weight: 400;\">Literatura en educaci\u00f3n primaria<\/span><\/li>\n<\/ul>\n<p><span style=\"font-weight: 400;\">-Aprobadas:<\/span><\/p>\n<ul>\n<li style=\"font-weight: 400;\"><span style=\"font-weight: 400;\">Taller lV<\/span><\/li>\n<li style=\"font-weight: 400;\"><span style=\"font-weight: 400;\">Ense\u00f1anza de la Matem\u00e1tica ll<\/span><\/li>\n<li style=\"font-weight: 400;\"><span style=\"font-weight: 400;\">Ense\u00f1anza de las Pr\u00e1cticas del Lenguaje II<\/span><\/li>\n<li style=\"font-weight: 400;\"><span style=\"font-weight: 400;\">Ense\u00f1anza de las Ciencias Sociales ll<\/span><\/li>\n<li style=\"font-weight: 400;\"><span style=\"font-weight: 400;\">Ense\u00f1anzas de las Ciencias Naturales ll<\/span><\/li>\n<\/ul>\n<\/td>\n<\/tr>\n<tr>\n<td><span style=\"font-weight: 400;\">El contexto educativo y la tarea docente<\/span><\/td>\n<td><span style=\"font-weight: 400;\">-Aprobadas:<\/span><\/p>\n<ul>\n<li style=\"font-weight: 400;\"><span style=\"font-weight: 400;\">Ense\u00f1anza de la Matem\u00e1tica lll<\/span><\/li>\n<li style=\"font-weight: 400;\"><span style=\"font-weight: 400;\">Ense\u00f1anza de las Ciencias Sociales lll<\/span><\/li>\n<li style=\"font-weight: 400;\"><span style=\"font-weight: 400;\">Ense\u00f1anzas de las Ciencias Naturales lll<\/span><\/li>\n<li style=\"font-weight: 400;\"><span style=\"font-weight: 400;\">Trabajo de campo<\/span><\/li>\n<\/ul>\n<\/td>\n<\/tr>\n<tr>\n<td><span style=\"font-weight: 400;\">Derechos Humanos y construcci\u00f3n de la Ciudadan\u00eda<\/span><\/td>\n<td><span style=\"font-weight: 400;\">Sin correlatividades<\/span><\/td>\n<\/tr>\n<\/tbody>\n<\/table>\n","protected":false},"excerpt":{"rendered":"<p>Las correlatividades de materias son importantes para planificar c\u00f3mo cursar y rendir materias. Para aprobar Deber\u00e1 tener cursada o aprobada Did\u00e1ctica I Sin correlatividades Ense\u00f1anza de las Ciencias Sociales I Sin correlatividades Ense\u00f1anza de las Matem\u00e1ticas I Sin correlatividades Expresi\u00f3n, oralidad y lecto escritura Sin correlatividades Psicolog\u00eda Educacional Sin correlatividades Taller I Sin correlatividades Educaci\u00f3n &#8230; <a title=\"Correlatividades\" class=\"read-more\" href=\"https:\/\/isfddoraacosta-caba.infd.edu.ar\/sitio\/estudiantes\/fechas-importantes\/\" aria-label=\"More on Correlatividades\">[+]<\/a><\/p>\n","protected":false},"author":6,"featured_media":0,"parent":692,"menu_order":0,"comment_status":"closed","ping_status":"closed","template":"","meta":[],"acf":[],"_links":{"self":[{"href":"https:\/\/isfddoraacosta-caba.infd.edu.ar\/sitio\/wp-json\/wp\/v2\/pages\/727"}],"collection":[{"href":"https:\/\/isfddoraacosta-caba.infd.edu.ar\/sitio\/wp-json\/wp\/v2\/pages"}],"about":[{"href":"https:\/\/isfddoraacosta-caba.infd.edu.ar\/sitio\/wp-json\/wp\/v2\/types\/page"}],"author":[{"embeddable":true,"href":"https:\/\/isfddoraacosta-caba.infd.edu.ar\/sitio\/wp-json\/wp\/v2\/users\/6"}],"replies":[{"embeddable":true,"href":"https:\/\/isfddoraacosta-caba.infd.edu.ar\/sitio\/wp-json\/wp\/v2\/comments?post=727"}],"version-history":[{"count":5,"href":"https:\/\/isfddoraacosta-caba.infd.edu.ar\/sitio\/wp-json\/wp\/v2\/pages\/727\/revisions"}],"predecessor-version":[{"id":799,"href":"https:\/\/isfddoraacosta-caba.infd.edu.ar\/sitio\/wp-json\/wp\/v2\/pages\/727\/revisions\/799"}],"up":[{"embeddable":true,"href":"https:\/\/isfddoraacosta-caba.infd.edu.ar\/sitio\/wp-json\/wp\/v2\/pages\/692"}],"wp:attachment":[{"href":"https:\/\/isfddoraacosta-caba.infd.edu.ar\/sitio\/wp-json\/wp\/v2\/media?parent=727"}],"curies":[{"name":"wp","href":"https:\/\/api.w.org\/{rel}","templated":true}]}}